{"id":6242,"date":"2022-01-12T16:26:56","date_gmt":"2022-01-12T13:26:56","guid":{"rendered":"https:\/\/aurads.com\/privacy\/"},"modified":"2022-02-08T11:31:36","modified_gmt":"2022-02-08T08:31:36","slug":"gizlilik-politikasi","status":"publish","type":"page","link":"https:\/\/aurads.com\/tr\/gizlilik-politikasi\/","title":{"rendered":"G\u0130ZL\u0130L\u0130K POL\u0130T\u0130KASI"},"content":{"rendered":"<p>[et_pb_section fb_built=&#8221;1&#8243; _builder_version=&#8221;4.14.7&#8243; _module_preset=&#8221;default&#8221; background_color=&#8221;#393939&#8243; background_enable_image=&#8221;off&#8221; min_height_tablet=&#8221;480px&#8221; min_height_phone=&#8221;280px&#8221; min_height_last_edited=&#8221;off|desktop&#8221; height_tablet=&#8221;270px&#8221; height_phone=&#8221;140px&#8221; height_last_edited=&#8221;off|desktop&#8221; max_height_tablet=&#8221;480px&#8221; max_height_phone=&#8221;280px&#8221; max_height_last_edited=&#8221;off|desktop&#8221; custom_margin=&#8221;0px||0px||true|false&#8221; custom_padding=&#8221;0px||0px||false|false&#8221; locked=&#8221;off&#8221; global_colors_info=&#8221;{}&#8221;][et_pb_row _builder_version=&#8221;4.14.5&#8243; _module_preset=&#8221;default&#8221; width=&#8221;100%&#8221; max_width=&#8221;2560px&#8221; custom_margin=&#8221;0px||0px||true|false&#8221; custom_padding=&#8221;0px||0px||true|false&#8221; global_colors_info=&#8221;{}&#8221;][et_pb_column type=&#8221;4_4&#8243; _builder_version=&#8221;4.14.5&#8243; _module_preset=&#8221;default&#8221; global_colors_info=&#8221;{}&#8221;][et_pb_divider color=&#8221;rgba(255,255,255,0.2)&#8221; _builder_version=&#8221;4.14.6&#8243; _module_preset=&#8221;default&#8221; custom_margin=&#8221;0px||0px||true|false&#8221; custom_padding=&#8221;0px||0px||true|false&#8221; global_colors_info=&#8221;{}&#8221;][\/et_pb_divider][\/et_pb_column][\/et_pb_row][\/et_pb_section][et_pb_section fb_built=&#8221;1&#8243; _builder_version=&#8221;4.14.6&#8243; _module_preset=&#8221;default&#8221; background_image=&#8221;https:\/\/aurads.com\/wp-content\/uploads\/2022\/01\/privacy-scaled.jpg&#8221; min_height_tablet=&#8221;480px&#8221; min_height_phone=&#8221;280px&#8221; min_height_last_edited=&#8221;off|desktop&#8221; height=&#8221;430px&#8221; height_tablet=&#8221;180px&#8221; height_phone=&#8221;100px&#8221; height_last_edited=&#8221;on|phone&#8221; max_height_tablet=&#8221;480px&#8221; max_height_phone=&#8221;280px&#8221; max_height_last_edited=&#8221;off|desktop&#8221; custom_margin=&#8221;-22px||0px||false|false&#8221; custom_padding=&#8221;0px||0px||true|false&#8221; global_colors_info=&#8221;{}&#8221;][et_pb_row _builder_version=&#8221;4.14.5&#8243; _module_preset=&#8221;default&#8221; width=&#8221;100%&#8221; max_width=&#8221;2560px&#8221; custom_margin=&#8221;0px||0px||true|false&#8221; custom_padding=&#8221;0px||0px||true|false&#8221; global_colors_info=&#8221;{}&#8221;][et_pb_column type=&#8221;4_4&#8243; _builder_version=&#8221;4.14.5&#8243; _module_preset=&#8221;default&#8221; global_colors_info=&#8221;{}&#8221;][et_pb_divider show_divider=&#8221;off&#8221; _builder_version=&#8221;4.14.5&#8243; _module_preset=&#8221;default&#8221; custom_margin=&#8221;0px||0px||true|false&#8221; custom_padding=&#8221;0px||0px||true|false&#8221; global_colors_info=&#8221;{}&#8221;][\/et_pb_divider][\/et_pb_column][\/et_pb_row][\/et_pb_section][et_pb_section fb_built=&#8221;1&#8243; custom_padding_last_edited=&#8221;on|phone&#8221; _builder_version=&#8221;4.14.5&#8243; _module_preset=&#8221;default&#8221; background_color=&#8221;#232323&#8243; custom_margin=&#8221;0px||0px||true|false&#8221; custom_padding=&#8221;45px|0px|45px|0px|true|true&#8221; custom_padding_tablet=&#8221;45px|0px|45px|0px|true|true&#8221; custom_padding_phone=&#8221;|0px||0px|true|true&#8221; global_colors_info=&#8221;{}&#8221;][et_pb_row _builder_version=&#8221;4.14.7&#8243; _module_preset=&#8221;default&#8221; width=&#8221;100%&#8221; max_width=&#8221;2560px&#8221; module_alignment=&#8221;center&#8221; custom_margin=&#8221;0px||0px||false|false&#8221; custom_padding=&#8221;0px||2px||false|false&#8221; global_colors_info=&#8221;{}&#8221;][et_pb_column type=&#8221;4_4&#8243; _builder_version=&#8221;4.14.7&#8243; _module_preset=&#8221;default&#8221; global_colors_info=&#8221;{}&#8221;][et_pb_divider color=&#8221;rgba(189,189,189,0.5)&#8221; _builder_version=&#8221;4.14.5&#8243; _module_preset=&#8221;default&#8221; custom_margin=&#8221;0px||0px||true|false&#8221; custom_padding=&#8221;0px||0px||true|false&#8221; global_colors_info=&#8221;{}&#8221;][\/et_pb_divider][\/et_pb_column][\/et_pb_row][et_pb_row _builder_version=&#8221;4.14.7&#8243; _module_preset=&#8221;default&#8221; width=&#8221;100%&#8221; max_width=&#8221;1180px&#8221; module_alignment=&#8221;center&#8221; custom_margin=&#8221;0px||0px||true|false&#8221; custom_padding=&#8221;0px||0px||true|false&#8221; global_colors_info=&#8221;{}&#8221;][et_pb_column type=&#8221;4_4&#8243; _builder_version=&#8221;4.14.5&#8243; _module_preset=&#8221;default&#8221; custom_padding=&#8221;||||false|false&#8221; global_colors_info=&#8221;{}&#8221;][et_pb_text _builder_version=&#8221;4.14.7&#8243; _module_preset=&#8221;default&#8221; header_text_align=&#8221;left&#8221; header_text_color=&#8221;#BDBDBD&#8221; header_line_height=&#8221;1.2em&#8221; custom_margin=&#8221;-42px||0px||false|false&#8221; custom_padding=&#8221;0px|60px|0px|60px|true|true&#8221; custom_padding_tablet=&#8221;0px|90px|0px|90px|true|true&#8221; custom_padding_phone=&#8221;|30px||30px|true|true&#8221; custom_padding_last_edited=&#8221;on|phone&#8221; hover_enabled=&#8221;0&#8243; header_font_size_tablet=&#8221;42px&#8221; header_font_size_phone=&#8221;32px&#8221; header_font_size_last_edited=&#8221;off|desktop&#8221; global_colors_info=&#8221;{}&#8221; sticky_enabled=&#8221;0&#8243;]<\/p>\n<h1>G\u0130ZL\u0130L\u0130K POL\u0130T\u0130KASI<\/h1>\n<p>[\/et_pb_text][et_pb_text _builder_version=&#8221;4.14.7&#8243; _module_preset=&#8221;a911e15f-5992-4dee-bfed-e4adff3ca4c9&#8243; header_text_align=&#8221;left&#8221; header_text_color=&#8221;#BDBDBD&#8221; header_font_size=&#8221;42px&#8221; header_2_font=&#8221;||||||||&#8221; header_2_text_color=&#8221;#FFFFFF&#8221; header_2_font_size=&#8221;22px&#8221; background_color=&#8221;#393939&#8243; width=&#8221;90%&#8221; module_alignment=&#8221;center&#8221; custom_margin=&#8221;30px||0px||false|false&#8221; custom_padding=&#8221;0px|10px|0px|10px|true|true&#8221; custom_padding_tablet=&#8221;0px|90px|0px|90px|true|true&#8221; custom_padding_phone=&#8221;|30px||30px|true|true&#8221; custom_padding_last_edited=&#8221;on|phone&#8221; global_colors_info=&#8221;{}&#8221;]<\/p>\n<h2 style=\"padding-top: 13px;\">KULLANIM KO\u015eULLARI<\/h2>\n<p>[\/et_pb_text][et_pb_text _builder_version=&#8221;4.14.7&#8243; _module_preset=&#8221;default&#8221; text_font=&#8221;||||||||&#8221; text_font_size=&#8221;14px&#8221; text_orientation=&#8221;justified&#8221; custom_margin=&#8221;0px||0px||true|false&#8221; custom_padding=&#8221;30px|120px|60px|120px|false|true&#8221; custom_padding_tablet=&#8221;30px|120px|30px|120px|false|true&#8221; custom_padding_phone=&#8221;30px|45px|30px|45px|false|true&#8221; custom_padding_last_edited=&#8221;on|tablet&#8221; text_font_size_tablet=&#8221;18px&#8221; text_font_size_phone=&#8221;16px&#8221; text_font_size_last_edited=&#8221;off|desktop&#8221; text_line_height_tablet=&#8221;1.3em&#8221; text_line_height_phone=&#8221;1.6em&#8221; text_line_height_last_edited=&#8221;off|desktop&#8221; global_colors_info=&#8221;{}&#8221;]AURADS web sitesine ho\u015f geldiniz. Bu web sitesini kullanmaya devam etmeniz durumunda, bu gizlilik politikas\u0131nda yer alan kullan\u0131m \u015fartlar\u0131n\u0131 ko\u015fulsuz olarak kabul etmi\u015f varsay\u0131lacaks\u0131n\u0131z. E\u011fer gizlilik politikas\u0131nda bulunan herhangi bir i\u00e7eri\u011fi kabul etmiyorsan\u0131z, i\u00e7inde bulundu\u011funuz bu web sitesini kullanmaman\u0131z\u0131 rica ederiz.<\/p>\n<p>G\u00fcvenli\u011finiz ve \u00e7\u0131karlar\u0131n\u0131z a\u00e7\u0131s\u0131ndan web sitesini kullanmadan \u00f6nce gizlilik politikas\u0131n\u0131 detayl\u0131 bir \u015fekilde okuman\u0131z\u0131 \u00f6neririz.<\/p>\n<p>Bu gizlilik politikas\u0131, AURADS web sitesinde bulunan bilgilerin kullan\u0131labilirli\u011fi ve g\u00fcvenilirli\u011fi a\u00e7\u0131s\u0131ndan bilgi vermek ama\u00e7l\u0131 haz\u0131rlanm\u0131\u015ft\u0131r.<\/p>\n<p>Gizlilik politikas\u0131n\u0131n i\u00e7eri\u011fi ve \u015fartlar\u0131 sadece AURADS \u015firketi taraf\u0131ndan d\u00fczenlenebilir, de\u011fi\u015ftirilebilir, bilgi eklenebilir ve \u00e7\u0131kar\u0131labilir. Yap\u0131lan g\u00fcncellemeler web sitesine y\u00fcklenecektir.[\/et_pb_text][et_pb_text _builder_version=&#8221;4.14.7&#8243; _module_preset=&#8221;a911e15f-5992-4dee-bfed-e4adff3ca4c9&#8243; header_text_align=&#8221;left&#8221; header_text_color=&#8221;#BDBDBD&#8221; header_font_size=&#8221;42px&#8221; header_2_font=&#8221;||||||||&#8221; header_2_text_color=&#8221;#FFFFFF&#8221; header_2_font_size=&#8221;22px&#8221; background_color=&#8221;#393939&#8243; width=&#8221;90%&#8221; module_alignment=&#8221;center&#8221; custom_margin=&#8221;0px||0px||true|false&#8221; custom_padding=&#8221;0px|10px|0px|10px|true|true&#8221; custom_padding_tablet=&#8221;0px|90px|0px|90px|true|true&#8221; custom_padding_phone=&#8221;|30px||30px|true|true&#8221; custom_padding_last_edited=&#8221;on|phone&#8221; global_colors_info=&#8221;{}&#8221;]<\/p>\n<h2 style=\"padding-top: 13px;\">\u015e\u0130RKET B\u0130LG\u0130LER\u0130<\/h2>\n<p>[\/et_pb_text][et_pb_text _builder_version=&#8221;4.14.7&#8243; _module_preset=&#8221;default&#8221; text_font=&#8221;||||||||&#8221; text_font_size=&#8221;14px&#8221; text_orientation=&#8221;justified&#8221; custom_margin=&#8221;0px||0px||true|false&#8221; custom_padding=&#8221;30px|120px|60px|120px|false|true&#8221; custom_padding_tablet=&#8221;30px|120px|30px|120px|false|true&#8221; custom_padding_phone=&#8221;30px|45px|30px|45px|false|true&#8221; custom_padding_last_edited=&#8221;on|tablet&#8221; global_colors_info=&#8221;{}&#8221;]Bu web sitesi, Ankara\u2019da yer alan AURA Design Tasar\u0131m Mimarl\u0131k Ltd. \u015eirketine aittir ve y\u00f6netilmektedir. \u015eirketin resmi adresi a\u015fa\u011f\u0131da belirtildi\u011fi gibidir:<\/p>\n<p>B\u00fcy\u00fckesat, Kaptanpa\u015fa sokak, 33A, 06700 \u00c7ankaya, ANKARA<br \/>\nTelefon: +90 312 235 4588<br \/>\nFax: +90 312 235 4589<br \/>\nEposta: info@aurads.com[\/et_pb_text][et_pb_text _builder_version=&#8221;4.14.7&#8243; _module_preset=&#8221;a911e15f-5992-4dee-bfed-e4adff3ca4c9&#8243; header_text_align=&#8221;left&#8221; header_text_color=&#8221;#BDBDBD&#8221; header_font_size=&#8221;42px&#8221; header_2_font=&#8221;||||||||&#8221; header_2_text_color=&#8221;#FFFFFF&#8221; header_2_font_size=&#8221;22px&#8221; background_color=&#8221;#393939&#8243; width=&#8221;90%&#8221; module_alignment=&#8221;center&#8221; custom_margin=&#8221;0px||0px||true|false&#8221; custom_padding=&#8221;0px|10px|0px|10px|true|true&#8221; custom_padding_tablet=&#8221;0px|90px|0px|90px|true|true&#8221; custom_padding_phone=&#8221;|30px||30px|true|true&#8221; custom_padding_last_edited=&#8221;on|phone&#8221; global_colors_info=&#8221;{}&#8221;]<\/p>\n<h2 style=\"padding-top: 13px;\">TEL\u0130F HAKKI B\u0130LD\u0130R\u0130M\u0130<\/h2>\n<p>[\/et_pb_text][et_pb_text _builder_version=&#8221;4.14.7&#8243; _module_preset=&#8221;default&#8221; text_font=&#8221;||||||||&#8221; text_font_size=&#8221;14px&#8221; text_orientation=&#8221;justified&#8221; custom_margin=&#8221;0px||0px||true|false&#8221; custom_padding=&#8221;30px|120px|60px|120px|false|true&#8221; custom_padding_tablet=&#8221;30px|120px|30px|120px|false|true&#8221; custom_padding_phone=&#8221;30px|45px|30px|45px|false|true&#8221; custom_padding_last_edited=&#8221;on|tablet&#8221; global_colors_info=&#8221;{}&#8221;]Bu web sitede yer alan b\u00fct\u00fcn bilgiler AURADS \u015firketine aittir. \u201cAURADS\u201d ismi korumal\u0131 bir ticari markad\u0131r.[\/et_pb_text][et_pb_text _builder_version=&#8221;4.14.7&#8243; _module_preset=&#8221;a911e15f-5992-4dee-bfed-e4adff3ca4c9&#8243; header_text_align=&#8221;left&#8221; header_text_color=&#8221;#BDBDBD&#8221; header_font_size=&#8221;42px&#8221; header_2_font=&#8221;||||||||&#8221; header_2_text_color=&#8221;#FFFFFF&#8221; header_2_font_size=&#8221;22px&#8221; background_color=&#8221;#393939&#8243; width=&#8221;90%&#8221; module_alignment=&#8221;center&#8221; custom_margin=&#8221;0px||0px||true|false&#8221; custom_padding=&#8221;0px|10px|0px|10px|true|true&#8221; custom_padding_tablet=&#8221;0px|90px|0px|90px|true|true&#8221; custom_padding_phone=&#8221;|30px||30px|true|true&#8221; custom_padding_last_edited=&#8221;on|phone&#8221; global_colors_info=&#8221;{}&#8221;]<\/p>\n<h2 style=\"padding-top: 13px;\">YASAL SORUMLULUK REDD\u0130<\/h2>\n<p>[\/et_pb_text][et_pb_text _builder_version=&#8221;4.14.7&#8243; _module_preset=&#8221;default&#8221; text_font=&#8221;||||||||&#8221; text_font_size=&#8221;14px&#8221; text_orientation=&#8221;justified&#8221; custom_margin=&#8221;0px||0px||true|false&#8221; custom_padding=&#8221;30px|120px|60px|120px|false|true&#8221; custom_padding_tablet=&#8221;30px|120px|30px|120px|false|true&#8221; custom_padding_phone=&#8221;30px|45px|30px|45px|false|true&#8221; custom_padding_last_edited=&#8221;on|tablet&#8221; global_colors_info=&#8221;{}&#8221;]Web sitede bulunan bilgiler herhangi bir garanti sa\u011flamamaktad\u0131r. AURADS \u015firketi bu bilgileri g\u00fcvenilir, do\u011fru, b\u00fct\u00fcn ve g\u00fcncel sa\u011flamakta gerekli \u00f6zeni ve sorumlulu\u011fu g\u00f6stermekte olsa bile, bu bilgilerin garantisini vermemektedir.<\/p>\n<p>\u015eirket her ne kadar bu bilgileri sa\u011flarken, sunumunu yaparken ve kullan\u0131rken gerekli ilgiyi, \u00f6zeni ve dikkati g\u00f6stermekte olsa bile, bu bilgilere g\u00fcvenmek tamamen kullan\u0131c\u0131n\u0131n sorumlulu\u011funa b\u0131rak\u0131lm\u0131\u015ft\u0131r. Hi\u00e7bir ko\u015fulda, \u015firket, \u00e7al\u0131\u015fanlar\u0131 veya temsilcileri siteye giri\u015f, kullan\u0131m ya da hata s\u0131ras\u0131nda kullan\u0131c\u0131lar\u0131n ya\u015fayabilece\u011fi zarar veya bilgi kayb\u0131ndan sorumlu tutulmayacaklard\u0131r. Bu zarar ve kay\u0131plara web sitesinin sa\u011flad\u0131\u011f\u0131 bilgiye g\u00fcvenilmesinden olu\u015fan sorunlar ve kullan\u0131c\u0131n\u0131n bilgisayar\u0131n\u0131 veya teknik ekipman\u0131n\u0131 etkileyebilecek olan her t\u00fcrl\u00fc vir\u00fcs de d\u00e2hildir.<\/p>\n<p>Bu web sitesinde bulunan bilgiler AURADS \u015firketinin gizli tasar\u0131m bilgilerini de i\u00e7erebilir. Hi\u00e7bir ko\u015fulda bu sitenin sa\u011flad\u0131\u011f\u0131 bilgilerin izinsiz bir \u015fekilde kopyalanmamas\u0131, kullan\u0131lmamas\u0131, da\u011f\u0131t\u0131lmamas\u0131, sat\u0131lmamas\u0131 ve AURADS \u015firketinin m\u00fclkiyet haklar\u0131n\u0131n ihlal edilmemesi gerekmektedir. AURADS \u015firketiyle, \u00e7al\u0131\u015fanlar\u0131yla ve temsilcileriyle alakal\u0131 ileti\u015fim bilgileri sitenin kullan\u0131c\u0131lara sa\u011flad\u0131klar\u0131yla s\u0131n\u0131rl\u0131d\u0131r. AURADS \u015firketi sa\u011flanan ileti\u015fim bilgilerinin neden oldu\u011fu hi\u00e7bir problem ve ileti\u015fim sorunu hakk\u0131nda sorumluluk kabul etmemektedir. Bu ileti\u015fim ortam\u0131 sonucu olan hasarlar ve vir\u00fcsler \u015firketin sorumlulu\u011funda de\u011fildir ve kullan\u0131c\u0131n\u0131n bu sorunlar i\u00e7in bir \u00f6nlem almas\u0131 gerekmektedir.[\/et_pb_text][et_pb_text _builder_version=&#8221;4.14.7&#8243; _module_preset=&#8221;a911e15f-5992-4dee-bfed-e4adff3ca4c9&#8243; header_text_align=&#8221;left&#8221; header_text_color=&#8221;#BDBDBD&#8221; header_font_size=&#8221;42px&#8221; header_2_font=&#8221;||||||||&#8221; header_2_text_color=&#8221;#FFFFFF&#8221; header_2_font_size=&#8221;22px&#8221; background_color=&#8221;#393939&#8243; width=&#8221;90%&#8221; module_alignment=&#8221;center&#8221; custom_margin=&#8221;0px||0px||true|false&#8221; custom_padding=&#8221;0px|10px|0px|10px|true|true&#8221; custom_padding_tablet=&#8221;0px|90px|0px|90px|true|true&#8221; custom_padding_phone=&#8221;|30px||30px|true|true&#8221; custom_padding_last_edited=&#8221;on|phone&#8221; global_colors_info=&#8221;{}&#8221;]<\/p>\n<h2 style=\"padding-top: 13px;\">G\u0130ZL\u0130L\u0130K POL\u0130T\u0130KASI<\/h2>\n<p>[\/et_pb_text][et_pb_text _builder_version=&#8221;4.14.7&#8243; _module_preset=&#8221;default&#8221; text_font=&#8221;||||||||&#8221; text_font_size=&#8221;14px&#8221; text_orientation=&#8221;justified&#8221; custom_margin=&#8221;0px||0px||true|false&#8221; custom_padding=&#8221;30px|120px|60px|120px|false|true&#8221; custom_padding_tablet=&#8221;30px|120px|30px|120px|false|true&#8221; custom_padding_phone=&#8221;30px|45px|30px|45px|false|true&#8221; custom_padding_last_edited=&#8221;on|tablet&#8221; global_colors_info=&#8221;{}&#8221;]Bu site arac\u0131l\u0131\u011f\u0131 ile temin edilen kullan\u0131c\u0131n\u0131n b\u00fct\u00fcn ki\u015fisel bilgileri, \u015firket taraf\u0131ndan gizlilik politikas\u0131 \u00e7er\u00e7evesinde kullan\u0131lacakt\u0131r ve kullan\u0131c\u0131n\u0131n bu bilgilerin kullan\u0131lmas\u0131 ve depolanmas\u0131 \u00fczerine izin verdi\u011fi varsay\u0131lacakt\u0131r. \u015eirket sa\u011flad\u0131\u011f\u0131 gizlilik politikas\u0131n\u0131 \u00f6nceden bir uyar\u0131 vermeden herhangi bir zamanda de\u011fi\u015ftirebilir ve bu g\u00fcncellemeleri site \u00fczerinden takip etmek kullan\u0131c\u0131lar\u0131n sorumlulu\u011fundad\u0131r. <\/p>\n<p>Bu gizlilik politikas\u0131 sadece AURADS \u015firketi taraf\u0131ndan y\u00f6netilen bu web sitesinin (aurads.com) kullan\u0131c\u0131dan ald\u0131\u011f\u0131 bilgiler i\u00e7in ge\u00e7erlidir. Bu y\u00fczden \u015firket herhangi ba\u015fka bir site veya durum i\u00e7in sorumluluk kabul etmeyecektir. AURADS \u015firketi, sitelerinde temin edilen referans ve kullan\u0131c\u0131lar\u0131 daha kapsaml\u0131 bilgilendirme i\u00e7in sa\u011flanan ba\u015fka web sitesi adreslerinin kullan\u0131c\u0131 taraf\u0131ndan kullan\u0131m\u0131, sa\u011flad\u0131\u011f\u0131 bilgileri, ald\u0131\u011f\u0131 ki\u015fisel verileri ve i\u00e7eri\u011fi hakk\u0131nda sorumlu tutulmayacakt\u0131r.[\/et_pb_text][et_pb_text _builder_version=&#8221;4.14.7&#8243; _module_preset=&#8221;a911e15f-5992-4dee-bfed-e4adff3ca4c9&#8243; header_text_align=&#8221;left&#8221; header_text_color=&#8221;#BDBDBD&#8221; header_font_size=&#8221;42px&#8221; header_2_font=&#8221;||||||||&#8221; header_2_text_color=&#8221;#FFFFFF&#8221; header_2_font_size=&#8221;22px&#8221; background_color=&#8221;#393939&#8243; width=&#8221;90%&#8221; module_alignment=&#8221;center&#8221; custom_margin=&#8221;0px||0px||true|false&#8221; custom_padding=&#8221;0px|10px|0px|10px|true|true&#8221; custom_padding_tablet=&#8221;0px|90px|0px|90px|true|true&#8221; custom_padding_phone=&#8221;|30px||30px|true|true&#8221; custom_padding_last_edited=&#8221;on|phone&#8221; global_colors_info=&#8221;{}&#8221;]<\/p>\n<h2 style=\"padding-top: 13px;\">K\u0130\u015e\u0130SEL VER\u0130LER\u0130N G\u0130ZL\u0130L\u0130\u011e\u0130 VE G\u00dcVENL\u0130\u011e\u0130<\/h2>\n<p>[\/et_pb_text][et_pb_text _builder_version=&#8221;4.14.7&#8243; _module_preset=&#8221;default&#8221; text_font=&#8221;||||||||&#8221; text_font_size=&#8221;14px&#8221; text_orientation=&#8221;justified&#8221; custom_margin=&#8221;0px||0px||true|false&#8221; custom_padding=&#8221;30px|120px|60px|120px|false|true&#8221; custom_padding_tablet=&#8221;30px|120px|30px|120px|false|true&#8221; custom_padding_phone=&#8221;30px|45px|30px|45px|false|true&#8221; custom_padding_last_edited=&#8221;on|tablet&#8221; global_colors_info=&#8221;{}&#8221;]AURADS \u015firketinin g\u00fcvenlik politikas\u0131 kullan\u0131c\u0131lar\u0131n ki\u015fisel bilgilerini korumay\u0131, kayb\u0131n\u0131 ve yanl\u0131\u015f kullan\u0131m\u0131n\u0131 engellemeyi ama\u00e7lamaktad\u0131r. \u015eirkette \u00e7al\u0131\u015fanlar, kullan\u0131c\u0131n\u0131n sa\u011flad\u0131\u011f\u0131 bilgiler ile bu ki\u015fisel verilerin gizlilik politikas\u0131 \u00e7er\u00e7evesinde \u00e7al\u0131\u015fmaktad\u0131r.<\/p>\n<p>Kullan\u0131c\u0131n\u0131n izni ve bilgisi d\u00e2hilinde olmadan, kullan\u0131c\u0131 ve \u015firket aras\u0131ndaki i\u015fi y\u00fcr\u00fctebilmek i\u00e7in ve yasal \u00e7er\u00e7evelerin gerektirdi\u011fi gereksinimler d\u0131\u015f\u0131nda hi\u00e7bir 3. ki\u015fi kullan\u0131c\u0131n\u0131n ki\u015fisel verilerine ula\u015famayacakt\u0131r ve \u015firket bu listelenen durumlar\u0131n d\u0131\u015f\u0131nda bu ki\u015fisel verileri kullanamayacak ve satamayacakt\u0131r.<\/p>\n<p>AURADS \u015firketine sa\u011flanan bu bilgiler g\u00fcncel ve do\u011fru olarak kabul edilecektir ve kullan\u0131c\u0131n\u0131n bu bilgileri gerekti\u011fi durumlarda kullanabilmesine izin verdi\u011fi var say\u0131lacakt\u0131r. \u015eirket kullan\u0131c\u0131dan ald\u0131\u011f\u0131 bilgileri do\u011frulamayacakt\u0131r ve temin etti\u011fi \u015fekilde kabul edip kullanacakt\u0131r.<\/p>\n<p>Verileri herhangi bir 3. ki\u015fiden korumak i\u00e7in \u015firket, kullan\u0131c\u0131n\u0131n \u015firketin veri taban\u0131nda bulunan ki\u015fisel bilgilerini almak isteyen ki\u015fiye sadece ki\u015finin kimli\u011finin yasal do\u011frulamas\u0131 ve yeterli kan\u0131tlar\u0131n sa\u011flanmas\u0131 \u00fczerine verecektir. Hi\u00e7bir veri taban\u0131 depolama alan\u0131 %100 g\u00fcvenilir kabul edilemez, bu nedenden dolay\u0131 \u015firket kullan\u0131c\u0131lar\u0131n ki\u015fisel bilgilerinin g\u00fcvenli\u011fini %100 garantileyemez. Sitede veya ba\u011flant\u0131da herhangi bir g\u00fcvenlik ihlali \u015f\u00fcphesi durumunda kullan\u0131c\u0131lar\u0131nda en yak\u0131n zamanda AURADS \u015firketi ile ileti\u015fime ge\u00e7ip bu durumu bildirmeleri \u00f6nerilir.<\/p>\n<p>Kullan\u0131c\u0131n\u0131n sa\u011flad\u0131\u011f\u0131 ki\u015fisel veriler bir \u00f6n uyar\u0131 olmaks\u0131z\u0131n, e\u011fer kullan\u0131c\u0131n\u0131n \u015firket ile bir i\u015fi veya ba\u011flant\u0131s\u0131 kalmad\u0131ysa, \u015firketin veri taban\u0131ndan silinebilir.<\/p>\n<p>Kullan\u0131c\u0131lar ki\u015fisel verilerinin g\u00fcncellemesi, d\u00fczeltilmesi ve silinmesi i\u00e7in AURADS \u015firketi ile web sitesinde sa\u011flanan ileti\u015fim bilgilerini kullanarak ba\u011flant\u0131ya ge\u00e7ebilirler.[\/et_pb_text][\/et_pb_column][\/et_pb_row][\/et_pb_section]<\/p>\n","protected":false},"excerpt":{"rendered":"<p>G\u0130ZL\u0130L\u0130K POL\u0130T\u0130KASIKULLANIM KO\u015eULLARIAURADS web sitesine ho\u015f geldiniz. Bu web sitesini kullanmaya devam etmeniz durumunda, bu gizlilik politikas\u0131nda yer alan kullan\u0131m \u015fartlar\u0131n\u0131 ko\u015fulsuz olarak kabul etmi\u015f varsay\u0131lacaks\u0131n\u0131z. E\u011fer gizlilik politikas\u0131nda bulunan herhangi bir i\u00e7eri\u011fi kabul etmiyorsan\u0131z, i\u00e7inde bulundu\u011funuz bu web sitesini kullanmaman\u0131z\u0131 rica ederiz. G\u00fcvenli\u011finiz ve \u00e7\u0131karlar\u0131n\u0131z a\u00e7\u0131s\u0131ndan web sitesini kullanmadan \u00f6nce gizlilik politikas\u0131n\u0131 detayl\u0131 bir [&hellip;]<\/p>\n","protected":false},"author":1,"featured_media":6111,"parent":0,"menu_order":0,"comment_status":"closed","ping_status":"closed","template":"","meta":{"_acf_changed":false,"_et_pb_use_builder":"on","_et_pb_old_content":"","_et_gb_content_width":"","rank_math_lock_modified_date":false,"footnotes":""},"class_list":["post-6242","page","type-page","status-publish","has-post-thumbnail","hentry"],"acf":[],"_links":{"self":[{"href":"https:\/\/aurads.com\/tr\/wp-json\/wp\/v2\/pages\/6242","targetHints":{"allow":["GET"]}}],"collection":[{"href":"https:\/\/aurads.com\/tr\/wp-json\/wp\/v2\/pages"}],"about":[{"href":"https:\/\/aurads.com\/tr\/wp-json\/wp\/v2\/types\/page"}],"author":[{"embeddable":true,"href":"https:\/\/aurads.com\/tr\/wp-json\/wp\/v2\/users\/1"}],"replies":[{"embeddable":true,"href":"https:\/\/aurads.com\/tr\/wp-json\/wp\/v2\/comments?post=6242"}],"version-history":[{"count":0,"href":"https:\/\/aurads.com\/tr\/wp-json\/wp\/v2\/pages\/6242\/revisions"}],"wp:featuredmedia":[{"embeddable":true,"href":"https:\/\/aurads.com\/tr\/wp-json\/wp\/v2\/media\/6111"}],"wp:attachment":[{"href":"https:\/\/aurads.com\/tr\/wp-json\/wp\/v2\/media?parent=6242"}],"curies":[{"name":"wp","href":"https:\/\/api.w.org\/{rel}","templated":true}]}}